{"id":4880,"date":"2015-09-06T20:44:44","date_gmt":"2015-09-06T20:44:44","guid":{"rendered":"http:\/\/ceceypanzio.hu\/?page_id=4880&#038;lang=de"},"modified":"2021-11-10T17:32:17","modified_gmt":"2021-11-10T17:32:17","slug":"apartment","status":"publish","type":"page","link":"https:\/\/starapartmaneger.hu\/de\/apartment\/","title":{"rendered":"Apartment"},"content":{"rendered":"","protected":false},"excerpt":{"rendered":"","protected":false},"author":1,"featured_media":0,"parent":0,"menu_order":0,"comment_status":"closed","ping_status":"open","template":"","meta":[],"yoast_head":"<!-- This site is optimized with the Yoast SEO plugin v17.5 - https:\/\/yoast.com\/wordpress\/plugins\/seo\/ -->\n<title>Apartment - Star Apartman Eger<\/title>\n<meta name=\"description\" content=\"Wir warten unsere G\u00e4ste in unserem Apartmans mit Klimaanlage, amerikanische K\u00fcche mit Wohnzimmer, Badezimmer und separate Schlafzimmer in bequemen und freundlichen Umgebung. F\u00fchlen Sie sich als zu Hause im Herz der Stadt von Eger!\" \/>\n<meta name=\"robots\" content=\"index, follow, max-snippet:-1, max-image-preview:large, max-video-preview:-1\" \/>\n<link rel=\"canonical\" href=\"https:\/\/starapartmaneger.hu\/de\/apartment\/\" \/>\n<meta property=\"og:locale\" content=\"de_DE\" \/>\n<meta property=\"og:type\" content=\"article\" \/>\n<meta property=\"og:title\" content=\"Apartment - Star Apartman Eger\" \/>\n<meta property=\"og:description\" content=\"Wir warten unsere G\u00e4ste in unserem Apartmans mit Klimaanlage, amerikanische K\u00fcche mit Wohnzimmer, Badezimmer und separate Schlafzimmer in bequemen und freundlichen Umgebung. F\u00fchlen Sie sich als zu Hause im Herz der Stadt von Eger!\" \/>\n<meta property=\"og:url\" content=\"https:\/\/starapartmaneger.hu\/de\/apartment\/\" \/>\n<meta property=\"og:site_name\" content=\"Star Apartman Eger\" \/>\n<meta property=\"article:modified_time\" content=\"2021-11-10T17:32:17+00:00\" \/>\n<meta name=\"twitter:card\" content=\"summary_large_image\" \/>\n<script type=\"application\/ld+json\" class=\"yoast-schema-graph\">{\"@context\":\"https:\/\/schema.org\",\"@graph\":[{\"@type\":\"WebSite\",\"@id\":\"https:\/\/starapartmaneger.hu\/#website\",\"url\":\"https:\/\/starapartmaneger.hu\/\",\"name\":\"Star Apartman Eger\",\"description\":\"Star Apartman Eger\",\"potentialAction\":[{\"@type\":\"SearchAction\",\"target\":{\"@type\":\"EntryPoint\",\"urlTemplate\":\"https:\/\/starapartmaneger.hu\/?s={search_term_string}\"},\"query-input\":\"required name=search_term_string\"}],\"inLanguage\":\"de\"},{\"@type\":\"WebPage\",\"@id\":\"https:\/\/starapartmaneger.hu\/de\/apartment\/#webpage\",\"url\":\"https:\/\/starapartmaneger.hu\/de\/apartment\/\",\"name\":\"Apartment - Star Apartman Eger\",\"isPartOf\":{\"@id\":\"https:\/\/starapartmaneger.hu\/#website\"},\"datePublished\":\"2015-09-06T20:44:44+00:00\",\"dateModified\":\"2021-11-10T17:32:17+00:00\",\"description\":\"Wir warten unsere G\\u00e4ste in unserem Apartmans mit Klimaanlage, amerikanische K\\u00fcche mit Wohnzimmer, Badezimmer und separate Schlafzimmer in bequemen und freundlichen Umgebung. F\\u00fchlen Sie sich als zu Hause im Herz der Stadt von Eger!\",\"breadcrumb\":{\"@id\":\"https:\/\/starapartmaneger.hu\/de\/apartment\/#breadcrumb\"},\"inLanguage\":\"de\",\"potentialAction\":[{\"@type\":\"ReadAction\",\"target\":[\"https:\/\/starapartmaneger.hu\/de\/apartment\/\"]}]},{\"@type\":\"BreadcrumbList\",\"@id\":\"https:\/\/starapartmaneger.hu\/de\/apartment\/#breadcrumb\",\"itemListElement\":[{\"@type\":\"ListItem\",\"position\":1,\"name\":\"Kezd\\u0151lap\",\"item\":\"https:\/\/starapartmaneger.hu\/de\/\"},{\"@type\":\"ListItem\",\"position\":2,\"name\":\"Apartment\"}]}]}<\/script>\n<!-- \/ Yoast SEO plugin. -->","yoast_head_json":{"title":"Apartment - Star Apartman Eger","description":"Wir warten unsere G\u00e4ste in unserem Apartmans mit Klimaanlage, amerikanische K\u00fcche mit Wohnzimmer, Badezimmer und separate Schlafzimmer in bequemen und freundlichen Umgebung. F\u00fchlen Sie sich als zu Hause im Herz der Stadt von Eger!","robots":{"index":"index","follow":"follow","max-snippet":"max-snippet:-1","max-image-preview":"max-image-preview:large","max-video-preview":"max-video-preview:-1"},"canonical":"https:\/\/starapartmaneger.hu\/de\/apartment\/","og_locale":"de_DE","og_type":"article","og_title":"Apartment - Star Apartman Eger","og_description":"Wir warten unsere G\u00e4ste in unserem Apartmans mit Klimaanlage, amerikanische K\u00fcche mit Wohnzimmer, Badezimmer und separate Schlafzimmer in bequemen und freundlichen Umgebung. F\u00fchlen Sie sich als zu Hause im Herz der Stadt von Eger!","og_url":"https:\/\/starapartmaneger.hu\/de\/apartment\/","og_site_name":"Star Apartman Eger","article_modified_time":"2021-11-10T17:32:17+00:00","twitter_card":"summary_large_image","schema":{"@context":"https:\/\/schema.org","@graph":[{"@type":"WebSite","@id":"https:\/\/starapartmaneger.hu\/#website","url":"https:\/\/starapartmaneger.hu\/","name":"Star Apartman Eger","description":"Star Apartman Eger","potentialAction":[{"@type":"SearchAction","target":{"@type":"EntryPoint","urlTemplate":"https:\/\/starapartmaneger.hu\/?s={search_term_string}"},"query-input":"required name=search_term_string"}],"inLanguage":"de"},{"@type":"WebPage","@id":"https:\/\/starapartmaneger.hu\/de\/apartment\/#webpage","url":"https:\/\/starapartmaneger.hu\/de\/apartment\/","name":"Apartment - Star Apartman Eger","isPartOf":{"@id":"https:\/\/starapartmaneger.hu\/#website"},"datePublished":"2015-09-06T20:44:44+00:00","dateModified":"2021-11-10T17:32:17+00:00","description":"Wir warten unsere G\u00e4ste in unserem Apartmans mit Klimaanlage, amerikanische K\u00fcche mit Wohnzimmer, Badezimmer und separate Schlafzimmer in bequemen und freundlichen Umgebung. F\u00fchlen Sie sich als zu Hause im Herz der Stadt von Eger!","breadcrumb":{"@id":"https:\/\/starapartmaneger.hu\/de\/apartment\/#breadcrumb"},"inLanguage":"de","potentialAction":[{"@type":"ReadAction","target":["https:\/\/starapartmaneger.hu\/de\/apartment\/"]}]},{"@type":"BreadcrumbList","@id":"https:\/\/starapartmaneger.hu\/de\/apartment\/#breadcrumb","itemListElement":[{"@type":"ListItem","position":1,"name":"Kezd\u0151lap","item":"https:\/\/starapartmaneger.hu\/de\/"},{"@type":"ListItem","position":2,"name":"Apartment"}]}]}},"_links":{"self":[{"href":"https:\/\/starapartmaneger.hu\/de\/wp-json\/wp\/v2\/pages\/4880\/"}],"collection":[{"href":"https:\/\/starapartmaneger.hu\/de\/wp-json\/wp\/v2\/pages\/"}],"about":[{"href":"https:\/\/starapartmaneger.hu\/de\/wp-json\/wp\/v2\/types\/page\/"}],"author":[{"embeddable":true,"href":"https:\/\/starapartmaneger.hu\/de\/wp-json\/wp\/v2\/users\/1\/"}],"replies":[{"embeddable":true,"href":"https:\/\/starapartmaneger.hu\/de\/wp-json\/wp\/v2\/comments\/?post=4880"}],"version-history":[{"count":2,"href":"https:\/\/starapartmaneger.hu\/de\/wp-json\/wp\/v2\/pages\/4880\/revisions\/"}],"predecessor-version":[{"id":5766,"href":"https:\/\/starapartmaneger.hu\/de\/wp-json\/wp\/v2\/pages\/4880\/revisions\/5766\/"}],"wp:attachment":[{"href":"https:\/\/starapartmaneger.hu\/de\/wp-json\/wp\/v2\/media\/?parent=4880"}],"curies":[{"name":"wp","href":"https:\/\/api.w.org\/{rel}","templated":true}]}}